{"id":38,"date":"2025-02-23T21:31:23","date_gmt":"2025-02-23T20:31:23","guid":{"rendered":"https:\/\/waterpolopiestany.sk\/?page_id=38"},"modified":"2025-02-23T21:31:24","modified_gmt":"2025-02-23T20:31:24","slug":"kontakt","status":"publish","type":"page","link":"https:\/\/waterpolopiestany.sk\/?page_id=38","title":{"rendered":"Kontakt"},"content":{"rendered":"\n<p>TBD<\/p>\n","protected":false},"excerpt":{"rendered":"<p>TBD<\/p>\n","protected":false},"author":1,"featured_media":0,"parent":0,"menu_order":0,"comment_status":"closed","ping_status":"closed","template":"","meta":{"_monsterinsights_skip_tracking":false,"_monsterinsights_sitenote_active":false,"_monsterinsights_sitenote_note":"","_monsterinsights_sitenote_category":0,"footnotes":""},"class_list":["post-38","page","type-page","status-publish","hentry"],"yoast_head":"<!-- This site is optimized with the Yoast SEO plugin v24.5 - https:\/\/yoast.com\/wordpress\/plugins\/seo\/ -->\n<title>Kontakt -<\/title>\n<meta name=\"robots\" content=\"index, follow, max-snippet:-1, max-image-preview:large, max-video-preview:-1\" \/>\n<link rel=\"canonical\" href=\"https:\/\/waterpolopiestany.sk\/?page_id=38\" \/>\n<meta property=\"og:locale\" content=\"sk_SK\" \/>\n<meta property=\"og:type\" content=\"article\" \/>\n<meta property=\"og:title\" content=\"Kontakt -\" \/>\n<meta property=\"og:description\" content=\"TBD\" \/>\n<meta property=\"og:url\" content=\"https:\/\/waterpolopiestany.sk\/?page_id=38\" \/>\n<meta property=\"article:modified_time\" content=\"2025-02-23T20:31:24+00:00\" \/>\n<meta name=\"twitter:card\" content=\"summary_large_image\" \/>\n<meta name=\"twitter:label1\" content=\"Predpokladan\u00fd \u010das \u010d\u00edtania\" \/>\n\t<meta name=\"twitter:data1\" content=\"1 min\u00fata\" \/>\n<script type=\"application\/ld+json\" class=\"yoast-schema-graph\">{\"@context\":\"https:\/\/schema.org\",\"@graph\":[{\"@type\":\"WebPage\",\"@id\":\"https:\/\/waterpolopiestany.sk\/?page_id=38\",\"url\":\"https:\/\/waterpolopiestany.sk\/?page_id=38\",\"name\":\"Kontakt -\",\"isPartOf\":{\"@id\":\"https:\/\/waterpolopiestany.sk\/#website\"},\"datePublished\":\"2025-02-23T20:31:23+00:00\",\"dateModified\":\"2025-02-23T20:31:24+00:00\",\"breadcrumb\":{\"@id\":\"https:\/\/waterpolopiestany.sk\/?page_id=38#breadcrumb\"},\"inLanguage\":\"sk-SK\",\"potentialAction\":[{\"@type\":\"ReadAction\",\"target\":[\"https:\/\/waterpolopiestany.sk\/?page_id=38\"]}]},{\"@type\":\"BreadcrumbList\",\"@id\":\"https:\/\/waterpolopiestany.sk\/?page_id=38#breadcrumb\",\"itemListElement\":[{\"@type\":\"ListItem\",\"position\":1,\"name\":\"Home\",\"item\":\"https:\/\/waterpolopiestany.sk\/\"},{\"@type\":\"ListItem\",\"position\":2,\"name\":\"Kontakt\"}]},{\"@type\":\"WebSite\",\"@id\":\"https:\/\/waterpolopiestany.sk\/#website\",\"url\":\"https:\/\/waterpolopiestany.sk\/\",\"name\":\"\",\"description\":\"\",\"potentialAction\":[{\"@type\":\"SearchAction\",\"target\":{\"@type\":\"EntryPoint\",\"urlTemplate\":\"https:\/\/waterpolopiestany.sk\/?s={search_term_string}\"},\"query-input\":{\"@type\":\"PropertyValueSpecification\",\"valueRequired\":true,\"valueName\":\"search_term_string\"}}],\"inLanguage\":\"sk-SK\"}]}<\/script>\n<!-- \/ Yoast SEO plugin. -->","yoast_head_json":{"title":"Kontakt -","robots":{"index":"index","follow":"follow","max-snippet":"max-snippet:-1","max-image-preview":"max-image-preview:large","max-video-preview":"max-video-preview:-1"},"canonical":"https:\/\/waterpolopiestany.sk\/?page_id=38","og_locale":"sk_SK","og_type":"article","og_title":"Kontakt -","og_description":"TBD","og_url":"https:\/\/waterpolopiestany.sk\/?page_id=38","article_modified_time":"2025-02-23T20:31:24+00:00","twitter_card":"summary_large_image","twitter_misc":{"Predpokladan\u00fd \u010das \u010d\u00edtania":"1 min\u00fata"},"schema":{"@context":"https:\/\/schema.org","@graph":[{"@type":"WebPage","@id":"https:\/\/waterpolopiestany.sk\/?page_id=38","url":"https:\/\/waterpolopiestany.sk\/?page_id=38","name":"Kontakt -","isPartOf":{"@id":"https:\/\/waterpolopiestany.sk\/#website"},"datePublished":"2025-02-23T20:31:23+00:00","dateModified":"2025-02-23T20:31:24+00:00","breadcrumb":{"@id":"https:\/\/waterpolopiestany.sk\/?page_id=38#breadcrumb"},"inLanguage":"sk-SK","potentialAction":[{"@type":"ReadAction","target":["https:\/\/waterpolopiestany.sk\/?page_id=38"]}]},{"@type":"BreadcrumbList","@id":"https:\/\/waterpolopiestany.sk\/?page_id=38#breadcrumb","itemListElement":[{"@type":"ListItem","position":1,"name":"Home","item":"https:\/\/waterpolopiestany.sk\/"},{"@type":"ListItem","position":2,"name":"Kontakt"}]},{"@type":"WebSite","@id":"https:\/\/waterpolopiestany.sk\/#website","url":"https:\/\/waterpolopiestany.sk\/","name":"","description":"","potentialAction":[{"@type":"SearchAction","target":{"@type":"EntryPoint","urlTemplate":"https:\/\/waterpolopiestany.sk\/?s={search_term_string}"},"query-input":{"@type":"PropertyValueSpecification","valueRequired":true,"valueName":"search_term_string"}}],"inLanguage":"sk-SK"}]}},"_links":{"self":[{"href":"https:\/\/waterpolopiestany.sk\/index.php?rest_route=\/wp\/v2\/pages\/38","targetHints":{"allow":["GET"]}}],"collection":[{"href":"https:\/\/waterpolopiestany.sk\/index.php?rest_route=\/wp\/v2\/pages"}],"about":[{"href":"https:\/\/waterpolopiestany.sk\/index.php?rest_route=\/wp\/v2\/types\/page"}],"author":[{"embeddable":true,"href":"https:\/\/waterpolopiestany.sk\/index.php?rest_route=\/wp\/v2\/users\/1"}],"replies":[{"embeddable":true,"href":"https:\/\/waterpolopiestany.sk\/index.php?rest_route=%2Fwp%2Fv2%2Fcomments&post=38"}],"version-history":[{"count":1,"href":"https:\/\/waterpolopiestany.sk\/index.php?rest_route=\/wp\/v2\/pages\/38\/revisions"}],"predecessor-version":[{"id":40,"href":"https:\/\/waterpolopiestany.sk\/index.php?rest_route=\/wp\/v2\/pages\/38\/revisions\/40"}],"wp:attachment":[{"href":"https:\/\/waterpolopiestany.sk\/index.php?rest_route=%2Fwp%2Fv2%2Fmedia&parent=38"}],"curies":[{"name":"wp","href":"https:\/\/api.w.org\/{rel}","templated":true}]}}